{"id":1035,"date":"2024-09-21T19:47:41","date_gmt":"2024-09-21T19:47:41","guid":{"rendered":"https:\/\/owv-sc-waldthurn.de\/?page_id=1035"},"modified":"2026-03-21T08:45:56","modified_gmt":"2026-03-21T08:45:56","slug":"nachruf","status":"publish","type":"page","link":"https:\/\/owv-sc-waldthurn.de\/?page_id=1035","title":{"rendered":"In Gedenken"},"content":{"rendered":"\n<figure class=\"wp-block-image alignleft size-large is-resized\"><img loading=\"lazy\" decoding=\"async\" width=\"662\" height=\"1024\" src=\"https:\/\/owv-sc-waldthurn.de\/wp-content\/uploads\/2025\/09\/Foto-Sieghard-662x1024.jpg\" alt=\"\" class=\"wp-image-9382\" style=\"width:182px;height:auto\" srcset=\"https:\/\/owv-sc-waldthurn.de\/wp-content\/uploads\/2025\/09\/Foto-Sieghard-662x1024.jpg 662w, https:\/\/owv-sc-waldthurn.de\/wp-content\/uploads\/2025\/09\/Foto-Sieghard-194x300.jpg 194w, https:\/\/owv-sc-waldthurn.de\/wp-content\/uploads\/2025\/09\/Foto-Sieghard-768x1188.jpg 768w, https:\/\/owv-sc-waldthurn.de\/wp-content\/uploads\/2025\/09\/Foto-Sieghard.jpg 776w\" sizes=\"auto, (max-width: 662px) 100vw, 662px\" \/><\/figure>\n\n\n\n<div class=\"wp-block-group alignwide is-layout-flow wp-block-group-is-layout-flow\">\n<p>2025  &#8211;  Langj\u00e4hriger Schriftf\u00fchrer Sieghard Reber verstorben<br>Gro\u00df ist die Trauer und der Schmerz beim Oberpf\u00e4lzer Waldverein Waldthurn. Am 26. August verstarb der langj\u00e4hrige Schriftf\u00fchrer Sieghard Reber.<br>Aus Liebe zur Heimat und Natur trat Sieghard Reber 1984 dem OWV bei. 41 Jahre war er Mitglied in unserer Gemeinschaft, davon \u00fcbernahm er viele Jahre Verantwortung in der Vorstandschaft. Mehr als 10 Jahre erledigte er gewissenhaft und vorbildlich die schriftlichen Arbeiten, wobei seine Aktivit\u00e4ten weit \u00fcber dieses Amt hinausgingen. Er beteiligte sich an den Arbeitsdiensten bei der Skih\u00fctte, Wald- und H\u00fcttenweihacht, Kinderferienprogramm, Maibaum, Rama-Dama und den allj\u00e4hrlichen Vereinsabenden. Bei den OWV-Schnitzern hinterl\u00e4sst er eine gro\u00dfe L\u00fccke. Seine akkuraten Jahresr\u00fcckblicke in Wort, Bild und passender Musik bleiben uns in unvergessener und ewiger Erinnerung. Ihm wurde deshalb der Waldthurner Oscar und eine Goldene Kamera verliehen. Gerne denken wir an die gemeinsamen Stunden zur\u00fcck. Wir werden seine ruhige, besonnene, aber auch humorvolle und hintergr\u00fcndige Art vermissen. Auf ihn war immer Verlass, er war stets zur Stelle, wenn er gebraucht wurde. Solange es seine Gesundheit zulie\u00df, war Sieghard ein gern gesehener Gast beim OWV. F\u00fcr seine besonderen Verdienste wurde er mit der silbernen und goldenen Ehrennadel ausgezeichnet. Bei den Wanderungen am Goldsteig, Bayerweg, Rennsteig, Pandurenweg und im Altm\u00fchltal schn\u00fcrte er begeistert seine Wanderstiefel. Leider muss er nun seine letzte Wanderung antreten. Unser Heimatfreund bleibt uns in ewiger, dankbarer Erinnerung.<br>Vergelt\u00b4s Gott Sieghard<br>Roman Bauer<\/p>\n\n\n\n<p><\/p>\n\n\n\n<p><\/p>\n<\/div>\n\n\n\n<div class=\"wp-block-group alignwide is-layout-flow wp-block-group-is-layout-flow\">\n<figure class=\"wp-block-image alignleft size-large is-resized\"><img loading=\"lazy\" decoding=\"async\" width=\"695\" height=\"1024\" src=\"https:\/\/owv-sc-waldthurn.de\/wp-content\/uploads\/2025\/07\/Bergler-Franz-695x1024.jpg\" alt=\"\" class=\"wp-image-9006\" style=\"width:168px;height:auto\" srcset=\"https:\/\/owv-sc-waldthurn.de\/wp-content\/uploads\/2025\/07\/Bergler-Franz-695x1024.jpg 695w, https:\/\/owv-sc-waldthurn.de\/wp-content\/uploads\/2025\/07\/Bergler-Franz-204x300.jpg 204w, https:\/\/owv-sc-waldthurn.de\/wp-content\/uploads\/2025\/07\/Bergler-Franz-768x1131.jpg 768w, https:\/\/owv-sc-waldthurn.de\/wp-content\/uploads\/2025\/07\/Bergler-Franz.jpg 815w\" sizes=\"auto, (max-width: 695px) 100vw, 695px\" \/><\/figure>\n\n\n\n<p class=\"has-text-align-left\">2017 &#8211; Der Oberpf\u00e4lzer Waldverein trauert um seinen langj\u00e4hrigen Vorsitzenden.<br>28 Jahre war er an der Spitze des OWV. F\u00fcr seine gro\u00dfen Verdienste wurde er im Jahr 2003 zum Ehrenvorsitzenden ernannt.<br>Kein Name ist so eng mit seiner Heimat und dem OWV verbunden, als der von Franz Bergler. Mit gro\u00dfer Trauer m\u00fcssen wir Abschied nehmen. Wir tun dies in dankbarer Verbundenheit. 51 Jahre war er Mitglied in unserer Gemeinschaft.<br>Unvergessen sind seine Verdienste, welche uns in ewiger Erinnerung bleiben.<br>Das allj\u00e4hrliche Aufstellen des Maibaumes und des Christbaumes beim Kriegerdenkmal, die Krippenausstellung im Rathaus, die winterlichen Vereinsabende, die Waldweihnacht am Fu\u00dfe des Fahrenbergs,<br>zahlreiche Marterlrenovierungen, der Brunnen beim Pfarrheim, die Organisation von Heimat- und Volkstumsabenden, den Bau der Skih\u00fctte, zahlreiche heimatkundliche Fachvortr\u00e4ge und vieles mehr geht auf seine Anregung zur\u00fcck. Mit seinen B\u00fcchern \u201eWaldthurn in alten Bildern\u201c, \u201ePostkartengr\u00fc\u00dfe aus Waldthurn\u201c, \u201eWaldthurn \u2013 Herrschaft, Markt und Pfarrei\u201c verewigte er sich in seiner Eigenschaft als fachkundiger Heimatpfleger.<br>Das \u201eH\u00e4userbuch der Marktgemeinde\u201c, ebenfalls herausgegeben von Franz Bergler, ist ein unverzichtbares Nachschlagewerk und sucht seinesgleichen. Mit gro\u00dfer Bescheidenheit diente er seinem OWV. Er war ein Vorbild an Idealismus und Heimattreue, keine Aufgabe war ihm zuwider. Er war ein Mensch, der ein Aufsehen um seine Person ablehnte. Mit gro\u00dfer Bescheidenheit und einem unendlichen Wissensschatz verlieren wir einen unserer Besten. Seine L\u00fccke ist nicht zu schlie\u00dfen. Uns bleibt die Erinnerung an einen au\u00dfergew\u00f6hnlichen Menschen, der nun zum ewigen Feierabend heimgegangen ist.<br>Bescheiden, so wie unser Franz sein Leben lang wirkte, sagen wir ihm ein herzliches Vergelt`s Gott.<br>Roman Bauer 3.04.2017<\/p>\n\n\n\n<p class=\"has-text-align-left\"><\/p>\n\n\n\n<div class=\"wp-block-group is-nowrap is-layout-flex wp-container-core-group-is-layout-6c531013 wp-block-group-is-layout-flex\">\n<figure class=\"wp-block-image size-full is-resized\"><img loading=\"lazy\" decoding=\"async\" width=\"167\" height=\"228\" src=\"https:\/\/owv-sc-waldthurn.de\/wp-content\/uploads\/2025\/07\/Arnold-Werner.jpg\" alt=\"\" class=\"wp-image-9009\" style=\"width:177px;height:auto\"\/><\/figure>\n\n\n\n<p class=\"has-text-align-left\">     2021 &#8211; Ehrenvorsitzender Werner Arnold verstorben<br>Gro\u00df ist die Trauer und der Schmerz beim Oberpf\u00e4lzer Waldverein und der angegliederten Skiabteilung.<\/p>\n<\/div>\n\n\n\n<p class=\"has-text-align-left\">Am 28. August verstarb im Alter von 79 Jahren der Ehrenvorsitzende Werner Arnold.<br>Aus Liebe zur Heimat und Natur trat Werner Arnold am 02. Januar 1961 dem OWV bei. Wer h\u00e4tte damals gedacht, dass er viele Jahrzehnte die Geschicke des Vereins lenken w\u00fcrde. Bereits in jungen Jahren \u00fcbernahm er Verantwortung und bekleidete 43 Jahre das Amt des 2. Vorsitzenden des OWV. Gleichzeitig f\u00fchrte er 27 Jahre die angegliederte Skiabteilung als Spartenleiter. Gro\u00df sind die Verdienste, die mit seinem Namen verbunden sind. Anfangs in einem bescheidenen Bauwagen untergebracht, wurde auf seine Initiative im Jahr 1980 die Skih\u00fctte errichtet. 1986 erfolgte der Anbau mit den sanit\u00e4ren Einrichtungen. Zwei Loipenspurger\u00e4te wurden unter seiner Regie beschafft, der Gro\u00dfparkplatz angelegt und die Nachtloipe errichtet. F\u00fcr keine Arbeit war er sich zu schade, ob Rama Dama, Maibaum aufstellen, Ferienprogramm f\u00fcr Kinder, Arbeitsdienste in und an der Skih\u00fctte, oder Spuren der Langlaufloipen. Zusammen mit seiner Ehefrau Lydia organisierte er Musikantentreffen, zahlreiche H\u00fcttenweihnachten, Vereinsabende und Waldweihnachten.<br>Aber auch im sportlichen Bereich war er viele Jahre an vorderster Stelle. Bei zahlreichten Vereinsmeisterschaften und \u00fcber\u00f6rtlichen Langlaufwettk\u00e4mpfen fuhr er in seinem technisch unnachahmlichen Stil als erster \u00fcber die Ziellinie.<br>In der Jahreshauptversammlung im November 2010 wurde er wegen seiner jahrzehntelangen \u00fcberragenden Verdienste zum Ehrenvorsitzenden ernannt.<br>Gerne denken wir an die vielen sch\u00f6nen Stunden zur\u00fcck. Legend\u00e4r die j\u00e4hrlichen Schoitenfeste in seiner Schreinerwerkstatt. Der OWV Waldthurn verliert ein Original und ein au\u00dfergew\u00f6hnlich verdientes Vereinsmitglied.Eine Institution ist von uns gegangen. Sein Platz in unserer Mitte bleibt leer, jedoch wird Werner Arnold, unser Ham\u00fcllner, in ewiger Erinnerung bleiben. Der OWV Waldthurn verliert einen Freund und Kameraden.<br>Vergelt`s Gott, Werner<br>Roman Bauer<\/p>\n\n\n\n<figure class=\"wp-block-image alignleft size-full is-resized\"><img loading=\"lazy\" decoding=\"async\" width=\"100\" height=\"140\" src=\"https:\/\/owv-sc-waldthurn.de\/wp-content\/uploads\/2024\/09\/Doris_small.jpg\" alt=\"\" class=\"wp-image-306\" style=\"width:168px;height:auto\"\/><\/figure>\n\n\n\n<p class=\"has-text-align-left\">2012 &#8211; OWV Waldthurn trauert<br>Kassier Doris Ertl verstorben<br>Der Oberpf\u00e4lzer Waldverein\/Ski Club Waldthurn trauert um Doris Ertl, die im Alter von nur 41<br>Jahren verstorben ist.<br>Im Jahr 1995 trat die Verstorbene dem OWV und dem Ski Club Waldthurn bei. Bereits 5 Jahre<br>sp\u00e4ter wurde sie in die Vorstandschaft des SC gew\u00e4hlt und stellte sich als Schriftf\u00fchrerin sechs<br>Jahre dem OWV zur Verf\u00fcgung. Nachdem im Jahr 2010 verschiedene vereinsinterne<br>Umstrukturierungen n\u00f6tig waren, verwaltete sie zuverl\u00e4ssig und \u00e4u\u00dferst gewissenhaft die Kassengesch\u00e4fte.<br>Gerne besuchte sie die w\u00f6chentlichen Gymnastikstunden. Nicht fehlen durfte sie beim Lady Day,<br>den Radausfl\u00fcgen, Nachtwanderungen und Faschingsveranstaltungen der OWV\/SC Damen.<br>Viele Jahre trat sie bei zahlreichen Radrennen und Laufveranstaltungen f\u00fcr den OWV mit sehr<br>guten Erfolgen an.<br>Eine besondere Freude war es ihr in den Wintermonaten dem Langlauf nachzugehen. Mit gro\u00dfer<br>Begeisterung drehte sie ihre Runden im heimischen Langlaufgebiet. Selbst bei schlechten<br>Wetterverh\u00e4ltnissen suchte sie dort Entspannung und Erholung vom Alltagsstress.<br>Uns bleibt nur die Erinnerung an ein aktives und engagiertes Vorstandsmitglied, welche die Natur<br>liebte und die Landschaft unserer Heimat zu sch\u00e4tzen wusste.<br>F\u00fcr all ihre T\u00e4tigkeiten zum Wohle des OWV Waldthurn ein herzliches Vergelt\u00b4s Gott<\/p>\n\n\n\n<p><\/p>\n\n\n\n<p class=\"has-text-align-left\"><\/p>\n\n\n\n<div class=\"wp-block-group is-content-justification-left is-nowrap is-layout-flex wp-container-core-group-is-layout-fc9f69e7 wp-block-group-is-layout-flex\">\n<figure class=\"wp-block-image size-large is-resized\"><img loading=\"lazy\" decoding=\"async\" width=\"948\" height=\"1024\" src=\"https:\/\/owv-sc-waldthurn.de\/wp-content\/uploads\/2025\/07\/Alfred-Troidl-948x1024.jpg\" alt=\"\" class=\"wp-image-9005\" style=\"width:306px;height:auto\" srcset=\"https:\/\/owv-sc-waldthurn.de\/wp-content\/uploads\/2025\/07\/Alfred-Troidl-948x1024.jpg 948w, https:\/\/owv-sc-waldthurn.de\/wp-content\/uploads\/2025\/07\/Alfred-Troidl-278x300.jpg 278w, https:\/\/owv-sc-waldthurn.de\/wp-content\/uploads\/2025\/07\/Alfred-Troidl-768x830.jpg 768w, https:\/\/owv-sc-waldthurn.de\/wp-content\/uploads\/2025\/07\/Alfred-Troidl.jpg 1111w\" sizes=\"auto, (max-width: 948px) 100vw, 948px\" \/><\/figure>\n\n\n\n<p class=\"has-text-align-left\">2012 &#8211; Pl\u00f6tzlich und unerwartet verstarb am 16.10.2012 im Alter von nur 62 Jahren unser langj\u00e4hriges Mitglied Alfred Troidl.<br>40 Jahre war der Verstorbene Mitglied beim Oberpf\u00e4lzer Waldverein und dem angeschlossenen Skiclub.<br>Er war Gr\u00fcnder der Skigymnastik und des legend\u00e4ren Lauftreffs. Viele Jahre organisierte er, in seiner Eigenschaft als Leiter der Grundschule Waldthurn, Ski- und Langlaufkurse am Fahrenberg und beim Langlaufzentrum.<br>Bei zahlreichen Laufveranstaltungen stellte er sich als erfahrener Rennleiter und Zeitnehmer zur Verf\u00fcgung. Im Jahr 1999 erhielt er f\u00fcr besondere Verdienste die silberne Vereinsnadel.<br>Unvergessen bleibt uns sein humorvolles und heiteres Auftreten, wobei er stets um Harmonie und Geselligkeit bem\u00fcht war.<br>F\u00fcr seine jahrzehntelangen Verdienste um den OWV\/SC Waldthurn bleibt nur ein herzliches Vergelt`s Gott<br>Roman Bauer<\/p>\n\n\n\n<figure class=\"wp-block-image aligncenter size-large is-resized\"><img loading=\"lazy\" decoding=\"async\" width=\"1024\" height=\"869\" src=\"https:\/\/owv-sc-waldthurn.de\/\nwp-content\/uploads\/2024\/09\/20240921_213407-1024x869.jpg\" alt=\"\" class=\"wp-image-1032\" style=\"width:560px;height:auto\" srcset=\"https:\/\/owv-sc-waldthurn.de\/wp-content\/uploads\/2024\/09\/20240921_213407-1024x869.jpg 1024w, https:\/\/owv-sc-waldthurn.de\/wp-content\/uploads\/2024\/09\/20240921_213407-300x255.jpg 300w, https:\/\/owv-sc-waldthurn.de\/wp-content\/uploads\/2024\/09\/20240921_213407-768x652.jpg 768w, https:\/\/owv-sc-waldthurn.de\/wp-content\/uploads\/2024\/09\/20240921_213407.jpg 1200w\" sizes=\"auto, (max-width: 1024px) 100vw, 1024px\" \/><\/figure>\n<\/div>\n<\/div>\n","protected":false},"excerpt":{"rendered":"<p>2025 &#8211; Langj\u00e4hriger Schriftf\u00fchrer Sieghard Reber verstorbenGro\u00df ist die Trauer und der Schmerz beim Oberpf\u00e4lzer Waldverein Waldthurn. Am 26. August verstarb der langj\u00e4hrige Schriftf\u00fchrer Sieghard Reber.Aus Liebe zur Heimat und Natur trat Sieghard Reber 1984 dem OWV bei. 41 Jahre war er Mitglied in unserer Gemeinschaft, davon \u00fcbernahm er viele Jahre Verantwortung in der Vorstandschaft. [&hellip;]<\/p>\n","protected":false},"author":2,"featured_media":0,"parent":42,"menu_order":1,"comment_status":"closed","ping_status":"closed","template":"","meta":{"footnotes":""},"folder":[],"class_list":["post-1035","page","type-page","status-publish","hentry"],"_links":{"self":[{"href":"https:\/\/owv-sc-waldthurn.de\/index.php?rest_route=\/wp\/v2\/pages\/1035","targetHints":{"allow":["GET"]}}],"collection":[{"href":"https:\/\/owv-sc-waldthurn.de\/index.php?rest_route=\/wp\/v2\/pages"}],"about":[{"href":"https:\/\/owv-sc-waldthurn.de\/index.php?rest_route=\/wp\/v2\/types\/page"}],"author":[{"embeddable":true,"href":"https:\/\/owv-sc-waldthurn.de\/index.php?rest_route=\/wp\/v2\/users\/2"}],"replies":[{"embeddable":true,"href":"https:\/\/owv-sc-waldthurn.de\/index.php?rest_route=%2Fwp%2Fv2%2Fcomments&post=1035"}],"version-history":[{"count":28,"href":"https:\/\/owv-sc-waldthurn.de\/index.php?rest_route=\/wp\/v2\/pages\/1035\/revisions"}],"predecessor-version":[{"id":9390,"href":"https:\/\/owv-sc-waldthurn.de\/index.php?rest_route=\/wp\/v2\/pages\/1035\/revisions\/9390"}],"up":[{"embeddable":true,"href":"https:\/\/owv-sc-waldthurn.de\/index.php?rest_route=\/wp\/v2\/pages\/42"}],"wp:attachment":[{"href":"https:\/\/owv-sc-waldthurn.de\/index.php?rest_route=%2Fwp%2Fv2%2Fmedia&parent=1035"}],"wp:term":[{"taxonomy":"folder","embeddable":true,"href":"https:\/\/owv-sc-waldthurn.de\/index.php?rest_route=%2Fwp%2Fv2%2Ffolder&post=1035"}],"curies":[{"name":"wp","href":"https:\/\/api.w.org\/{rel}","templated":true}]}}