{"id":9299,"date":"2025-07-27T12:35:57","date_gmt":"2025-07-27T12:35:57","guid":{"rendered":"https:\/\/owv-sc-waldthurn.de\/?page_id=9299"},"modified":"2025-07-27T13:04:25","modified_gmt":"2025-07-27T13:04:25","slug":"wanderweg-gelber-punkt","status":"publish","type":"page","link":"https:\/\/owv-sc-waldthurn.de\/?page_id=9299","title":{"rendered":"Rundwanderweg am Langlaufgebiet &#8211; Gelber Punkt -10,5 km"},"content":{"rendered":"\n<div class=\"wp-block-group alignwide is-layout-flow wp-block-group-is-layout-flow\">\n<p><br>Ausgangspunkt dieses Wanderweges ist die Skih\u00fctte des OWV Waldthurn mit Parkplatz an der Stra\u00dfe nach Neuenhammer. Dieses Wandergebiet &#8211; im Winter bei guten Schneeverh\u00e4ltnissen ein Eldorado f\u00fcr Langlauffans aus nah und fern &#8211; befindet sich in einem gro\u00dfen, zusammenh\u00e4ngenden Waldgebiet in den Waldabteilungen Eisschellen, Spielberger Wald, Onigl und Sch\u00f6ntannenberg. Von hier aus sollen ja hin und wieder die Glocken einer versunkenen Stadt l\u00e4uten. Dieser Wanderweg ist aufgrund leichter Steigungen, Absstiege und ebene Abschnitte sehr abwechslungsreich. Im Sommer bei sonnigen Temperaturen aber gut zu begehen, da sich der umgebende Wald als angenehmer Schattenspender erweist.<\/p>\n<\/div>\n\n\n\n<div class=\"wp-block-group is-vertical is-layout-flex wp-container-core-group-is-layout-fe9cc265 wp-block-group-is-layout-flex\">\n<figure class=\"wp-block-image size-large is-resized\"><img loading=\"lazy\" decoding=\"async\" width=\"683\" height=\"1024\" src=\"https:\/\/owv-sc-waldthurn.de\/wp-content\/uploads\/2025\/07\/Screenshot_20250725_140449_Komoot-683x1024.jpg\" alt=\"\" class=\"wp-image-9288\" style=\"width:751px;height:auto\" srcset=\"https:\/\/owv-sc-waldthurn.de\/wp-content\/uploads\/2025\/07\/Screenshot_20250725_140449_Komoot-683x1024.jpg 683w, https:\/\/owv-sc-waldthurn.de\/wp-content\/uploads\/2025\/07\/Screenshot_20250725_140449_Komoot-200x300.jpg 200w, https:\/\/owv-sc-waldthurn.de\/wp-content\/uploads\/2025\/07\/Screenshot_20250725_140449_Komoot-768x1152.jpg 768w, https:\/\/owv-sc-waldthurn.de\/wp-content\/uploads\/2025\/07\/Screenshot_20250725_140449_Komoot.jpg 800w\" sizes=\"auto, (max-width: 683px) 100vw, 683px\" \/><\/figure>\n\n\n\n<div class=\"wp-block-group alignwide is-layout-flow wp-block-group-is-layout-flow\"><\/div>\n<\/div>\n","protected":false},"excerpt":{"rendered":"<p>Ausgangspunkt dieses Wanderweges ist die Skih\u00fctte des OWV Waldthurn mit Parkplatz an der Stra\u00dfe nach Neuenhammer. Dieses Wandergebiet &#8211; im Winter bei guten Schneeverh\u00e4ltnissen ein Eldorado f\u00fcr Langlauffans aus nah und fern &#8211; befindet sich in einem gro\u00dfen, zusammenh\u00e4ngenden Waldgebiet in den Waldabteilungen Eisschellen, Spielberger Wald, Onigl und Sch\u00f6ntannenberg. Von hier aus sollen ja hin [&hellip;]<\/p>\n","protected":false},"author":1,"featured_media":0,"parent":792,"menu_order":0,"comment_status":"closed","ping_status":"closed","template":"","meta":{"footnotes":""},"folder":[],"class_list":["post-9299","page","type-page","status-publish","hentry"],"_links":{"self":[{"href":"https:\/\/owv-sc-waldthurn.de\/index.php?rest_route=\/wp\/v2\/pages\/9299","targetHints":{"allow":["GET"]}}],"collection":[{"href":"https:\/\/owv-sc-waldthurn.de\/index.php?rest_route=\/wp\/v2\/pages"}],"about":[{"href":"https:\/\/owv-sc-waldthurn.de\/index.php?rest_route=\/wp\/v2\/types\/page"}],"author":[{"embeddable":true,"href":"https:\/\/owv-sc-waldthurn.de\/index.php?rest_route=\/wp\/v2\/users\/1"}],"replies":[{"embeddable":true,"href":"https:\/\/owv-sc-waldthurn.de\/index.php?rest_route=%2Fwp%2Fv2%2Fcomments&post=9299"}],"version-history":[{"count":9,"href":"https:\/\/owv-sc-waldthurn.de\/index.php?rest_route=\/wp\/v2\/pages\/9299\/revisions"}],"predecessor-version":[{"id":10273,"href":"https:\/\/owv-sc-waldthurn.de\/index.php?rest_route=\/wp\/v2\/pages\/9299\/revisions\/10273"}],"up":[{"embeddable":true,"href":"https:\/\/owv-sc-waldthurn.de\/index.php?rest_route=\/wp\/v2\/pages\/792"}],"wp:attachment":[{"href":"https:\/\/owv-sc-waldthurn.de\/index.php?rest_route=%2Fwp%2Fv2%2Fmedia&parent=9299"}],"wp:term":[{"taxonomy":"folder","embeddable":true,"href":"https:\/\/owv-sc-waldthurn.de\/index.php?rest_route=%2Fwp%2Fv2%2Ffolder&post=9299"}],"curies":[{"name":"wp","href":"https:\/\/api.w.org\/{rel}","templated":true}]}}